{"id":235,"date":"2018-01-10T14:50:21","date_gmt":"2018-01-10T13:50:21","guid":{"rendered":"http:\/\/wislanetarasy.wp\/kontakt\/"},"modified":"2018-01-17T14:44:09","modified_gmt":"2018-01-17T13:44:09","slug":"contact","status":"publish","type":"page","link":"https:\/\/wislanetarasy2.pl\/en\/contact\/","title":{"rendered":"Contact"},"content":{"rendered":"<p>Sales office &#8220;Wi\u015blane Tarasy 2.0&#8221;<br \/>\nul. Grzeg\u00f3rzecka 67F, 31-559 Krak\u00f3w<\/p>\n<p>&nbsp;<\/p>\n<p>Phone +48 12 35 35 311<br \/>\nE-mail info@wislanetarasy2.pl<\/p>\n","protected":false},"excerpt":{"rendered":"<p>Sales office &#8220;Wi\u015blane Tarasy 2.0&#8221; ul. Grzeg\u00f3rzecka 67F, 31-559 Krak\u00f3w &nbsp; Phone +48 12 35 35 311 E-mail info@wislanetarasy2.pl<\/p>\n","protected":false},"author":1,"featured_media":0,"parent":0,"menu_order":0,"comment_status":"closed","ping_status":"closed","template":"page-contact.php","meta":[],"_links":{"self":[{"href":"https:\/\/wislanetarasy2.pl\/en\/wp-json\/wp\/v2\/pages\/235"}],"collection":[{"href":"https:\/\/wislanetarasy2.pl\/en\/wp-json\/wp\/v2\/pages"}],"about":[{"href":"https:\/\/wislanetarasy2.pl\/en\/wp-json\/wp\/v2\/types\/page"}],"author":[{"embeddable":true,"href":"https:\/\/wislanetarasy2.pl\/en\/wp-json\/wp\/v2\/users\/1"}],"replies":[{"embeddable":true,"href":"https:\/\/wislanetarasy2.pl\/en\/wp-json\/wp\/v2\/comments?post=235"}],"version-history":[{"count":3,"href":"https:\/\/wislanetarasy2.pl\/en\/wp-json\/wp\/v2\/pages\/235\/revisions"}],"predecessor-version":[{"id":273,"href":"https:\/\/wislanetarasy2.pl\/en\/wp-json\/wp\/v2\/pages\/235\/revisions\/273"}],"wp:attachment":[{"href":"https:\/\/wislanetarasy2.pl\/en\/wp-json\/wp\/v2\/media?parent=235"}],"curies":[{"name":"wp","href":"https:\/\/api.w.org\/{rel}","templated":true}]}}